{"id":2728,"date":"2025-01-06T05:05:16","date_gmt":"2025-01-06T10:05:16","guid":{"rendered":"https:\/\/euemeucorpo.com\/my-account\/"},"modified":"2025-01-06T05:05:16","modified_gmt":"2025-01-06T10:05:16","slug":"my-account","status":"publish","type":"page","link":"https:\/\/euemeucorpo.com\/en\/my-account\/","title":{"rendered":"My Account"},"content":{"rendered":"<div class=\"woocommerce\"><\/div>\n","protected":false},"excerpt":{"rendered":"","protected":false},"author":272147306,"featured_media":0,"parent":0,"menu_order":0,"comment_status":"closed","ping_status":"closed","template":"","meta":{"_crdt_document":"","advanced_seo_description":"","jetpack_seo_html_title":"","jetpack_seo_noindex":false,"footnotes":""},"class_list":["post-2728","page","type-page","status-publish","hentry"],"jetpack_likes_enabled":true,"jetpack_sharing_enabled":true,"jetpack_shortlink":"https:\/\/wp.me\/PgQvFq-I0","jetpack-related-posts":[{"id":2825,"url":"https:\/\/euemeucorpo.com\/en\/terms-and-conditions\/","url_meta":{"origin":2728,"position":0},"title":"Terms and Conditions","author":"euemeucorpooficial","date":"January 6, 2025","format":false,"excerpt":"1. General Information 2. Ordering and Payments 3. Shipping 4. Returns and Refunds 5. User Accounts 6. Changes to these Terms Terms and Conditions 1. General Information Last updated: [November 11th, 2025]Welcome to Eu e meu corpo (My Body and I). By accessing or using euemeucorpo.com , you agree to\u2026","rel":"","context":"Similar post","block_context":{"text":"Similar post","link":""},"img":{"alt_text":"","src":"","width":0,"height":0},"classes":[]},{"id":2743,"url":"https:\/\/euemeucorpo.com\/en\/","url_meta":{"origin":2728,"position":1},"title":"Home","author":"euemeucorpooficial","date":"June 23, 2025","format":false,"excerpt":"FL\u00c1VIA PRIMO My Body and I More than a book, a safety tool for your family. BUY YOUR BOOK It is really nice to have you here. Welcome! This space was created with a special purpose: to protect and empower our children through clear and playful information. I believe every\u2026","rel":"","context":"Similar post","block_context":{"text":"Similar post","link":""},"img":{"alt_text":"","src":"https:\/\/i0.wp.com\/euemeucorpo.com\/wp-content\/uploads\/2025\/10\/book-eu-e-meu-corpo-cover.jpg?resize=350%2C200&ssl=1","width":350,"height":200,"srcset":"https:\/\/i0.wp.com\/euemeucorpo.com\/wp-content\/uploads\/2025\/10\/book-eu-e-meu-corpo-cover.jpg?resize=350%2C200&ssl=1 1x, https:\/\/i0.wp.com\/euemeucorpo.com\/wp-content\/uploads\/2025\/10\/book-eu-e-meu-corpo-cover.jpg?resize=525%2C300&ssl=1 1.5x, https:\/\/i0.wp.com\/euemeucorpo.com\/wp-content\/uploads\/2025\/10\/book-eu-e-meu-corpo-cover.jpg?resize=700%2C400&ssl=1 2x, https:\/\/i0.wp.com\/euemeucorpo.com\/wp-content\/uploads\/2025\/10\/book-eu-e-meu-corpo-cover.jpg?resize=1050%2C600&ssl=1 3x"},"classes":[]},{"id":2822,"url":"https:\/\/euemeucorpo.com\/en\/faq\/","url_meta":{"origin":2728,"position":2},"title":"FAQ","author":"euemeucorpooficial","date":"January 6, 2025","format":false,"excerpt":"1. What is the book \u201cMy Body and I\u201d? The book My Body and I is designed to help and instruct parents and children to talk about the body, teaching protection and boundaries in a simple, clear, and loving way. 2. Is the book available in digital format (e-book)? Currently,\u2026","rel":"","context":"Similar post","block_context":{"text":"Similar post","link":""},"img":{"alt_text":"","src":"","width":0,"height":0},"classes":[]},{"id":2768,"url":"https:\/\/euemeucorpo.com\/en\/about-me\/","url_meta":{"origin":2728,"position":3},"title":"About me","author":"euemeucorpooficial","date":"January 6, 2025","format":false,"excerpt":"Fl\u00e1via Primo About Me About the Book Hello, nice to meet you, my name is Fl\u00e1via. I am a wife, mother, teacher, and passionate about children and families.For 10 years I have served in the children's ministry at my local church, where I lead an incredible team and have walked\u2026","rel":"","context":"Similar post","block_context":{"text":"Similar post","link":""},"img":{"alt_text":"","src":"https:\/\/i0.wp.com\/euemeucorpo.com\/wp-content\/uploads\/2025\/11\/flavia-primo_about-us_01.jpg?resize=350%2C200&ssl=1","width":350,"height":200,"srcset":"https:\/\/i0.wp.com\/euemeucorpo.com\/wp-content\/uploads\/2025\/11\/flavia-primo_about-us_01.jpg?resize=350%2C200&ssl=1 1x, https:\/\/i0.wp.com\/euemeucorpo.com\/wp-content\/uploads\/2025\/11\/flavia-primo_about-us_01.jpg?resize=525%2C300&ssl=1 1.5x, https:\/\/i0.wp.com\/euemeucorpo.com\/wp-content\/uploads\/2025\/11\/flavia-primo_about-us_01.jpg?resize=700%2C400&ssl=1 2x, https:\/\/i0.wp.com\/euemeucorpo.com\/wp-content\/uploads\/2025\/11\/flavia-primo_about-us_01.jpg?resize=1050%2C600&ssl=1 3x"},"classes":[]},{"id":2306,"url":"https:\/\/euemeucorpo.com\/flavia-primo\/","url_meta":{"origin":2728,"position":4},"title":"Sobre mim","author":"euemeucorpooficial","date":"January 6, 2025","format":false,"excerpt":"Fl\u00e1via Primo Sobre mim Sobre o Livro Ol\u00e1, muito prazer, meu nome \u00e9 Fl\u00e1via. Sou esposa, m\u00e3e, professora e apaixonada por crian\u00e7as e fam\u00edlias.H\u00e1 10 anos sirvo no minist\u00e9rio infantil da minha igreja local, onde lidero uma equipe incr\u00edvel e tenho caminhado lado a lado com os Pais.Tamb\u00e9m ensino no\u2026","rel":"","context":"Similar post","block_context":{"text":"Similar post","link":""},"img":{"alt_text":"","src":"https:\/\/i0.wp.com\/euemeucorpo.com\/wp-content\/uploads\/2025\/11\/flavia-primo_about-us_01.jpg?resize=350%2C200&ssl=1","width":350,"height":200,"srcset":"https:\/\/i0.wp.com\/euemeucorpo.com\/wp-content\/uploads\/2025\/11\/flavia-primo_about-us_01.jpg?resize=350%2C200&ssl=1 1x, https:\/\/i0.wp.com\/euemeucorpo.com\/wp-content\/uploads\/2025\/11\/flavia-primo_about-us_01.jpg?resize=525%2C300&ssl=1 1.5x, https:\/\/i0.wp.com\/euemeucorpo.com\/wp-content\/uploads\/2025\/11\/flavia-primo_about-us_01.jpg?resize=700%2C400&ssl=1 2x, https:\/\/i0.wp.com\/euemeucorpo.com\/wp-content\/uploads\/2025\/11\/flavia-primo_about-us_01.jpg?resize=1050%2C600&ssl=1 3x"},"classes":[]}],"_links":{"self":[{"href":"https:\/\/euemeucorpo.com\/en\/wp-json\/wp\/v2\/pages\/2728","targetHints":{"allow":["GET"]}}],"collection":[{"href":"https:\/\/euemeucorpo.com\/en\/wp-json\/wp\/v2\/pages"}],"about":[{"href":"https:\/\/euemeucorpo.com\/en\/wp-json\/wp\/v2\/types\/page"}],"author":[{"embeddable":true,"href":"https:\/\/euemeucorpo.com\/en\/wp-json\/wp\/v2\/users\/272147306"}],"replies":[{"embeddable":true,"href":"https:\/\/euemeucorpo.com\/en\/wp-json\/wp\/v2\/comments?post=2728"}],"version-history":[{"count":0,"href":"https:\/\/euemeucorpo.com\/en\/wp-json\/wp\/v2\/pages\/2728\/revisions"}],"wp:attachment":[{"href":"https:\/\/euemeucorpo.com\/en\/wp-json\/wp\/v2\/media?parent=2728"}],"curies":[{"name":"wp","href":"https:\/\/api.w.org\/{rel}","templated":true}]}}