{"id":2743,"date":"2025-06-23T11:11:08","date_gmt":"2025-06-23T15:11:08","guid":{"rendered":"https:\/\/euemeucorpo.com\/home-me-and-my-body\/"},"modified":"2025-11-28T11:54:41","modified_gmt":"2025-11-28T16:54:41","slug":"home-me-and-my-body","status":"publish","type":"page","link":"https:\/\/euemeucorpo.com\/en\/","title":{"rendered":"Home"},"content":{"rendered":"\t\t<div data-elementor-type=\"wp-page\" data-elementor-id=\"2743\" class=\"elementor elementor-2743 elementor-2232\">\n\t\t\t\t<div class=\"elementor-element elementor-element-a9152e8 e-con-full e-flex e-con e-parent\" data-id=\"a9152e8\" data-element_type=\"container\" data-e-type=\"container\">\n\t\t\t\t<div class=\"elementor-element elementor-element-6b7b8e9 pls-slides-hide-description-mobile-yes pls-slides-dots-position-center elementor-widget elementor-widget-pls-home-slides\" data-id=\"6b7b8e9\" data-element_type=\"widget\" data-e-type=\"widget\" data-widget_type=\"pls-home-slides.default\">\n\t\t\t\t<div class=\"elementor-widget-container\">\n\t\t\t\t\t<div id=\"pls-home-slides-18841\" class=\"pls-element pls-home-slides pls-slider swiper pls-hs-fullwidth\">\n\t<div class=\"swiper-wrapper\" data-slider_options=\"{&quot;slider_loop&quot;:true,&quot;slider_autoplay&quot;:true,&quot;slider_autoplay_delay&quot;:5000,&quot;slider_autoplay_speed&quot;:1000,&quot;slider_pause_on_hover&quot;:true,&quot;slider_rewind&quot;:false,&quot;slider_autoHeigh&quot;:false,&quot;slider_touchDrag&quot;:true,&quot;slider_touchDrag_mobile&quot;:true,&quot;slider_navigation&quot;:false,&quot;slider_pagination&quot;:true,&quot;slider_scrollbar&quot;:false,&quot;slider_centered&quot;:false,&quot;slider_effect&quot;:&quot;slide&quot;,&quot;slider_spaceBetween&quot;:0,&quot;slides_to_show&quot;:1,&quot;slides_to_show_tablet&quot;:1,&quot;slides_to_show_mobile&quot;:1,&quot;slides_to_scroll&quot;:1}\" >\n\t\t\t\t\t\n\t\t\t<div class=\"pls-slide swiper-slide elementor-repeater-item-ad36bf9\" >\n\t\t\t\t<div class=\"pls-slide-background \" role=\"img\"><\/div>\n\t\t\t\t\t\t\t\t<div class=\"pls-container pls-slide-inner\">\n\t\t\t\t\t\t\t\t\t\t\t<div class=\"pls-slide-content plsInUp plsAnimated\">\n\t\t\t\t\t\t\t<div class=\"pls-slide-content-top\">\n\t\t\t\t\t\t\t\t\t\t\t\t\t\t\t\t\t<div class=\"pls-slide-subtitle pls-subtitle-default\">\n\t\t\t\t\t\t\t\t\t\t<span>FL\u00c1VIA PRIMO<\/span>\n\t\t\t\t\t\t\t\t\t<\/div>\n\t\t\t\t\t\t\t\t\t\t\t\t\t\t\t\t\t<div class=\"pls-slide-title\">\n\t\t\t\t\t\t\t\t\t\t<h2> My Body and I<\/h2>\n\t\t\t\t\t\t\t\t\t<\/div>\t\t\t\t\n\t\t\t\t\t\t\t\t\t\t\t\t\t\t\t\t\t<div class=\"pls-slide-description\">\n\t\t\t\t\t\t\t\t\t\tMore than a book, a safety tool for your family.\t\t\t\t\t\t\t\t\t<\/div>\n\t\t\t\t\t\t\t\t\t\t\t\t\t\t\t<\/div>\n\t\t\t\t\t\t\t\t\t\t\t\t\t\t\t<div class=\"pls-slide-content-bottom\">\n\t\t\t\t\t\t\t\t\t<div class=\"pls-slide-button pls-button\">\n\t\t\t\t\t\t\t\t\t\t<a href=\"https:\/\/euemeucorpo.com\/en\/produto\/my-body-and-i-eu-e-meu-corpo\/\" target=\"_self\" class=\"button btn-style-flat\">BUY YOUR BOOK<\/a>\n\t\t\t\t\t\t\t\t\t<\/div>\n\t\t\t\t\t\t\t\t<\/div>\n\t\t\t\t\t\t\t\t\t\t\t\t\t<\/div>\n\t\t\t\t\t\t\t\t\t\t\t\t\t\t<\/div>\n\t\t\t<\/div>\n\t\t\t<\/div>\n<\/div>\t\t\t\t<\/div>\n\t\t\t\t<\/div>\n\t\t\t\t<\/div>\n\t\t<div class=\"elementor-element elementor-element-9162b23 e-flex e-con-boxed e-con e-parent\" data-id=\"9162b23\" data-element_type=\"container\" data-e-type=\"container\">\n\t\t\t\t\t<div class=\"e-con-inner\">\n\t\t<div class=\"elementor-element elementor-element-1d28def e-con-full e-flex e-con e-child\" data-id=\"1d28def\" data-element_type=\"container\" data-e-type=\"container\">\n\t\t<div class=\"elementor-element elementor-element-b86835e e-con-full e-flex e-con e-child\" data-id=\"b86835e\" data-element_type=\"container\" data-e-type=\"container\">\n\t\t\t\t<div class=\"elementor-element elementor-element-154507f elementor-widget elementor-widget-pls-heading\" data-id=\"154507f\" data-element_type=\"widget\" data-e-type=\"widget\" data-widget_type=\"pls-heading.default\">\n\t\t\t\t<div class=\"elementor-widget-container\">\n\t\t\t\t\t<div id=\"pls-header-25766\" class=\"pls-element pls-heading pls-text-left\">\t\n\t\t\t<div class=\"heading-subtitle\"> It is really nice to have you here. <\/div>\n\t\t\t\n\t\t\t<div class=\"heading-wrap\">\n\t\t\t<h2 class=\"heading-title\">Welcome!<\/h2>\t\t<\/div>\n\t\t\n    \t\t<div class=\"heading-tagline\"> This space was created with a special purpose: to protect and empower our children through clear and playful information. I believe every child deserves to grow up aware of their worth, secure in their bodies, and confident in saying \"no\" when necessary.  \n<br><br> \nHere you will find simple and practical tools to teach protection and boundaries in a healthy and creative way at home.  \n<br><br> \nThank you for caring about this mission as well. Together, we can create a more informed, protected, and abuse-free generation. \ud83d\udc9b <\/div>\n\t<\/div>\t\t\t\t<\/div>\n\t\t\t\t<\/div>\n\t\t\t\t<div class=\"elementor-element elementor-element-8cfcbd1 elementor-widget elementor-widget-pls-button\" data-id=\"8cfcbd1\" data-element_type=\"widget\" data-e-type=\"widget\" data-widget_type=\"pls-button.default\">\n\t\t\t\t<div class=\"elementor-widget-container\">\n\t\t\t\t\t<div id=\"pls-button-45748\" class=\"pls-element pls-button\">\n\t<a class=\"button btn-style-flat\" href=\"https:\/\/euemeucorpo.com\/en\/produto\/my-body-and-i-eu-e-meu-corpo\/\" >\n\t\tBuy your book now\t<\/a>\n<\/div>\n\t\t\t\t<\/div>\n\t\t\t\t<\/div>\n\t\t\t\t<\/div>\n\t\t\t\t<\/div>\n\t\t<div class=\"elementor-element elementor-element-9cf4c42 e-con-full e-flex e-con e-child\" data-id=\"9cf4c42\" data-element_type=\"container\" data-e-type=\"container\">\n\t\t\t\t<div class=\"elementor-element elementor-element-aa07c2c elementor-widget elementor-widget-pls-banner-slider\" data-id=\"aa07c2c\" data-element_type=\"widget\" data-e-type=\"widget\" data-widget_type=\"pls-banner-slider.default\">\n\t\t\t\t<div class=\"elementor-widget-container\">\n\t\t\t\t\t<div id=\"pls-banners-slider-6012\" class=\"row pls-element pls-banners-slider swiper pls-slider\">\n\t<div class=\"swiper-wrapper slider-col-lg-1 slider-col-md-1 slider-col-1\" data-slider_options=\"{&quot;slider_loop&quot;:true,&quot;slider_autoplay&quot;:true,&quot;slider_autoplay_delay&quot;:&quot;1500&quot;,&quot;slider_autoplay_speed&quot;:&quot;1500&quot;,&quot;slider_pause_on_hover&quot;:true,&quot;slider_rewind&quot;:false,&quot;slider_autoHeigh&quot;:false,&quot;slider_touchDrag&quot;:true,&quot;slider_touchDrag_mobile&quot;:true,&quot;slider_navigation&quot;:true,&quot;slider_pagination&quot;:false,&quot;slider_scrollbar&quot;:false,&quot;slider_centered&quot;:false,&quot;slider_effect&quot;:&quot;slide&quot;,&quot;slider_spaceBetween&quot;:0,&quot;slides_to_show&quot;:&quot;1&quot;,&quot;slides_to_show_tablet&quot;:&quot;1&quot;,&quot;slides_to_show_mobile&quot;:1,&quot;slides_to_scroll&quot;:1}\" >\n\t\t<div id=\"pls-banner-37386\" class=\"pls-element pls-banner swiper-slide elementor-repeater-item-c77a9ef banner-zoom-out\">\n\t<div class=\"banner-wrapper\" >\n\t\t\t\t\t<div class=\"banner-image-wrap\">\t\t\t\n\t\t\t\t<div class=\"banner-image\">\n\t\t\t\t\t<img fetchpriority=\"high\" decoding=\"async\" width=\"1200\" height=\"1200\" src=\"https:\/\/i0.wp.com\/euemeucorpo.com\/wp-content\/uploads\/2025\/10\/book-eu-e-meu-corpo-cover.jpg?fit=1200%2C1200&amp;ssl=1\" class=\"attachment-full size-full \" alt=\"\" srcset=\"https:\/\/i0.wp.com\/euemeucorpo.com\/wp-content\/uploads\/2025\/10\/book-eu-e-meu-corpo-cover.jpg?w=1200&amp;ssl=1 1200w, https:\/\/i0.wp.com\/euemeucorpo.com\/wp-content\/uploads\/2025\/10\/book-eu-e-meu-corpo-cover.jpg?resize=320%2C320&amp;ssl=1 320w, https:\/\/i0.wp.com\/euemeucorpo.com\/wp-content\/uploads\/2025\/10\/book-eu-e-meu-corpo-cover.jpg?resize=640%2C640&amp;ssl=1 640w, https:\/\/i0.wp.com\/euemeucorpo.com\/wp-content\/uploads\/2025\/10\/book-eu-e-meu-corpo-cover.jpg?resize=150%2C150&amp;ssl=1 150w, https:\/\/i0.wp.com\/euemeucorpo.com\/wp-content\/uploads\/2025\/10\/book-eu-e-meu-corpo-cover.jpg?resize=768%2C768&amp;ssl=1 768w, https:\/\/i0.wp.com\/euemeucorpo.com\/wp-content\/uploads\/2025\/10\/book-eu-e-meu-corpo-cover.jpg?resize=420%2C420&amp;ssl=1 420w, https:\/\/i0.wp.com\/euemeucorpo.com\/wp-content\/uploads\/2025\/10\/book-eu-e-meu-corpo-cover.jpg?resize=720%2C720&amp;ssl=1 720w, https:\/\/i0.wp.com\/euemeucorpo.com\/wp-content\/uploads\/2025\/10\/book-eu-e-meu-corpo-cover.jpg?resize=90%2C90&amp;ssl=1 90w, https:\/\/i0.wp.com\/euemeucorpo.com\/wp-content\/uploads\/2025\/10\/book-eu-e-meu-corpo-cover.jpg?resize=600%2C600&amp;ssl=1 600w, https:\/\/i0.wp.com\/euemeucorpo.com\/wp-content\/uploads\/2025\/10\/book-eu-e-meu-corpo-cover.jpg?resize=96%2C96&amp;ssl=1 96w\" sizes=\"(max-width: 1200px) 100vw, 1200px\" data-attachment-id=\"2372\" data-permalink=\"https:\/\/euemeucorpo.com\/en\/book-eu-e-meu-corpo-cover\/\" data-orig-file=\"https:\/\/i0.wp.com\/euemeucorpo.com\/wp-content\/uploads\/2025\/10\/book-eu-e-meu-corpo-cover.jpg?fit=1200%2C1200&amp;ssl=1\" data-orig-size=\"1200,1200\" data-comments-opened=\"1\" data-image-meta=\"{&quot;aperture&quot;:&quot;0&quot;,&quot;credit&quot;:&quot;&quot;,&quot;camera&quot;:&quot;&quot;,&quot;caption&quot;:&quot;&quot;,&quot;created_timestamp&quot;:&quot;0&quot;,&quot;copyright&quot;:&quot;&quot;,&quot;focal_length&quot;:&quot;0&quot;,&quot;iso&quot;:&quot;0&quot;,&quot;shutter_speed&quot;:&quot;0&quot;,&quot;title&quot;:&quot;&quot;,&quot;orientation&quot;:&quot;0&quot;}\" data-image-title=\"book-eu-e-meu-corpo-cover\" data-image-description=\"\" data-image-caption=\"\" data-large-file=\"https:\/\/i0.wp.com\/euemeucorpo.com\/wp-content\/uploads\/2025\/10\/book-eu-e-meu-corpo-cover.jpg?fit=640%2C640&amp;ssl=1\" \/>\t\t\t\t<\/div>\t\t\t\n\t\t\t<\/div>\n\t\t\t\t\t<\/div>\n<\/div>\n<div id=\"pls-banner-31035\" class=\"pls-element pls-banner swiper-slide elementor-repeater-item-ae1e7a1 banner-zoom-out\">\n\t<div class=\"banner-wrapper\" >\n\t\t\t\t\t<div class=\"banner-image-wrap\">\t\t\t\n\t\t\t\t<div class=\"banner-image\">\n\t\t\t\t\t<img decoding=\"async\" width=\"1200\" height=\"1200\" src=\"https:\/\/i0.wp.com\/euemeucorpo.com\/wp-content\/uploads\/2025\/10\/book-eu-e-meu-corpo-backcover.jpg?fit=1200%2C1200&amp;ssl=1\" class=\"attachment-full size-full \" alt=\"\" srcset=\"https:\/\/i0.wp.com\/euemeucorpo.com\/wp-content\/uploads\/2025\/10\/book-eu-e-meu-corpo-backcover.jpg?w=1200&amp;ssl=1 1200w, https:\/\/i0.wp.com\/euemeucorpo.com\/wp-content\/uploads\/2025\/10\/book-eu-e-meu-corpo-backcover.jpg?resize=320%2C320&amp;ssl=1 320w, https:\/\/i0.wp.com\/euemeucorpo.com\/wp-content\/uploads\/2025\/10\/book-eu-e-meu-corpo-backcover.jpg?resize=640%2C640&amp;ssl=1 640w, https:\/\/i0.wp.com\/euemeucorpo.com\/wp-content\/uploads\/2025\/10\/book-eu-e-meu-corpo-backcover.jpg?resize=150%2C150&amp;ssl=1 150w, https:\/\/i0.wp.com\/euemeucorpo.com\/wp-content\/uploads\/2025\/10\/book-eu-e-meu-corpo-backcover.jpg?resize=768%2C768&amp;ssl=1 768w, https:\/\/i0.wp.com\/euemeucorpo.com\/wp-content\/uploads\/2025\/10\/book-eu-e-meu-corpo-backcover.jpg?resize=420%2C420&amp;ssl=1 420w, https:\/\/i0.wp.com\/euemeucorpo.com\/wp-content\/uploads\/2025\/10\/book-eu-e-meu-corpo-backcover.jpg?resize=720%2C720&amp;ssl=1 720w, https:\/\/i0.wp.com\/euemeucorpo.com\/wp-content\/uploads\/2025\/10\/book-eu-e-meu-corpo-backcover.jpg?resize=90%2C90&amp;ssl=1 90w, https:\/\/i0.wp.com\/euemeucorpo.com\/wp-content\/uploads\/2025\/10\/book-eu-e-meu-corpo-backcover.jpg?resize=600%2C600&amp;ssl=1 600w, https:\/\/i0.wp.com\/euemeucorpo.com\/wp-content\/uploads\/2025\/10\/book-eu-e-meu-corpo-backcover.jpg?resize=96%2C96&amp;ssl=1 96w\" sizes=\"(max-width: 1200px) 100vw, 1200px\" data-attachment-id=\"2402\" data-permalink=\"https:\/\/euemeucorpo.com\/en\/book-eu-e-meu-corpo-backcover\/\" data-orig-file=\"https:\/\/i0.wp.com\/euemeucorpo.com\/wp-content\/uploads\/2025\/10\/book-eu-e-meu-corpo-backcover.jpg?fit=1200%2C1200&amp;ssl=1\" data-orig-size=\"1200,1200\" data-comments-opened=\"1\" data-image-meta=\"{&quot;aperture&quot;:&quot;0&quot;,&quot;credit&quot;:&quot;&quot;,&quot;camera&quot;:&quot;&quot;,&quot;caption&quot;:&quot;&quot;,&quot;created_timestamp&quot;:&quot;0&quot;,&quot;copyright&quot;:&quot;&quot;,&quot;focal_length&quot;:&quot;0&quot;,&quot;iso&quot;:&quot;0&quot;,&quot;shutter_speed&quot;:&quot;0&quot;,&quot;title&quot;:&quot;&quot;,&quot;orientation&quot;:&quot;0&quot;}\" data-image-title=\"book-eu-e-meu-corpo-backcover\" data-image-description=\"\" data-image-caption=\"\" data-large-file=\"https:\/\/i0.wp.com\/euemeucorpo.com\/wp-content\/uploads\/2025\/10\/book-eu-e-meu-corpo-backcover.jpg?fit=640%2C640&amp;ssl=1\" \/>\t\t\t\t<\/div>\t\t\t\n\t\t\t<\/div>\n\t\t\t\t\t<\/div>\n<\/div>\n<div id=\"pls-banner-50825\" class=\"pls-element pls-banner swiper-slide elementor-repeater-item-f4b75bc banner-zoom-out\">\n\t<div class=\"banner-wrapper\" >\n\t\t\t\t\t<div class=\"banner-image-wrap\">\t\t\t\n\t\t\t\t<div class=\"banner-image\">\n\t\t\t\t\t<img decoding=\"async\" width=\"630\" height=\"630\" src=\"https:\/\/i0.wp.com\/euemeucorpo.com\/wp-content\/uploads\/2025\/10\/Image-Flavia-01.jpg?fit=630%2C630&amp;ssl=1\" class=\"attachment-full size-full \" alt=\"\" srcset=\"https:\/\/i0.wp.com\/euemeucorpo.com\/wp-content\/uploads\/2025\/10\/Image-Flavia-01.jpg?w=630&amp;ssl=1 630w, https:\/\/i0.wp.com\/euemeucorpo.com\/wp-content\/uploads\/2025\/10\/Image-Flavia-01.jpg?resize=320%2C320&amp;ssl=1 320w, https:\/\/i0.wp.com\/euemeucorpo.com\/wp-content\/uploads\/2025\/10\/Image-Flavia-01.jpg?resize=150%2C150&amp;ssl=1 150w, https:\/\/i0.wp.com\/euemeucorpo.com\/wp-content\/uploads\/2025\/10\/Image-Flavia-01.jpg?resize=420%2C420&amp;ssl=1 420w, https:\/\/i0.wp.com\/euemeucorpo.com\/wp-content\/uploads\/2025\/10\/Image-Flavia-01.jpg?resize=90%2C90&amp;ssl=1 90w, https:\/\/i0.wp.com\/euemeucorpo.com\/wp-content\/uploads\/2025\/10\/Image-Flavia-01.jpg?resize=600%2C600&amp;ssl=1 600w, https:\/\/i0.wp.com\/euemeucorpo.com\/wp-content\/uploads\/2025\/10\/Image-Flavia-01.jpg?resize=96%2C96&amp;ssl=1 96w\" sizes=\"(max-width: 630px) 100vw, 630px\" data-attachment-id=\"2364\" data-permalink=\"https:\/\/euemeucorpo.com\/en\/home-eu-e-meu-corpo\/image-flavia-01\/\" data-orig-file=\"https:\/\/i0.wp.com\/euemeucorpo.com\/wp-content\/uploads\/2025\/10\/Image-Flavia-01.jpg?fit=630%2C630&amp;ssl=1\" data-orig-size=\"630,630\" data-comments-opened=\"1\" data-image-meta=\"{&quot;aperture&quot;:&quot;0&quot;,&quot;credit&quot;:&quot;&quot;,&quot;camera&quot;:&quot;&quot;,&quot;caption&quot;:&quot;&quot;,&quot;created_timestamp&quot;:&quot;0&quot;,&quot;copyright&quot;:&quot;&quot;,&quot;focal_length&quot;:&quot;0&quot;,&quot;iso&quot;:&quot;0&quot;,&quot;shutter_speed&quot;:&quot;0&quot;,&quot;title&quot;:&quot;&quot;,&quot;orientation&quot;:&quot;0&quot;}\" data-image-title=\"Image-Flavia-01\" data-image-description=\"\" data-image-caption=\"\" data-large-file=\"https:\/\/i0.wp.com\/euemeucorpo.com\/wp-content\/uploads\/2025\/10\/Image-Flavia-01.jpg?fit=630%2C630&amp;ssl=1\" \/>\t\t\t\t<\/div>\t\t\t\n\t\t\t<\/div>\n\t\t\t\t\t<\/div>\n<\/div>\n\t<\/div>\n<\/div>\t\t\t\t<\/div>\n\t\t\t\t<\/div>\n\t\t\t\t<\/div>\n\t\t\t\t\t<\/div>\n\t\t\t\t<\/div>\n\t\t<div class=\"elementor-element elementor-element-e904e39 e-grid e-con-boxed e-con e-parent\" data-id=\"e904e39\" data-element_type=\"container\" data-e-type=\"container\" data-settings=\"{&quot;background_background&quot;:&quot;classic&quot;}\">\n\t\t\t\t\t<div class=\"e-con-inner\">\n\t\t\t\t<div class=\"elementor-element elementor-element-d042f2f elementor-widget elementor-widget-pls-infobox\" data-id=\"d042f2f\" data-element_type=\"widget\" data-e-type=\"widget\" data-widget_type=\"pls-infobox.default\">\n\t\t\t\t<div class=\"elementor-widget-container\">\n\t\t\t\t\t<div id=\"pls-info-box-60768\" class=\"pls-element pls-info-box icon-effect-none icon-custom icon-top color-scheme-inherit hover-color-scheme-inherit text-left\">\n\t<div class=\"info-box-wrap\"  >\n\t\t<div class=\"box-icon-wrap\">\n\t\t\t\t\t\t\t<div class=\"info-box-icon\"><img decoding=\"async\" src=\"https:\/\/euemeucorpo.com\/wp-content\/uploads\/2025\/01\/Truck.svg\" alt=\"Fast and Secure Deliver\"\/><\/div>\n\t\t\t\t\t<\/div>\n\t\t<div class=\"info-box-content\">\n\t\t\t\t\t\t\t\t\t\t<div class=\"info-box-title mb\" >\t\t\t\t\n\t\t\t\t\t<h4>Fast and Secure Deliver<\/h4>\t\t\t\t\t\n\t\t\t\t<\/div>\n\t\t\t\t\t\t\t\t\t\t<div class=\"info-box-description mb\">\n\t\t\t\t\t<p>Price calculated according to final destination.<\/p>\n\t\t\t\t<\/div>\n\t\t\t\t\t<\/div>\n\t<\/div>\n<\/div>\t\t\t\t<\/div>\n\t\t\t\t<\/div>\n\t\t\t\t<div class=\"elementor-element elementor-element-2bed5f7 elementor-widget elementor-widget-pls-infobox\" data-id=\"2bed5f7\" data-element_type=\"widget\" data-e-type=\"widget\" data-widget_type=\"pls-infobox.default\">\n\t\t\t\t<div class=\"elementor-widget-container\">\n\t\t\t\t\t<div id=\"pls-info-box-98868\" class=\"pls-element pls-info-box icon-effect-none icon-custom icon-top color-scheme-inherit hover-color-scheme-inherit text-left\">\n\t<div class=\"info-box-wrap\"  >\n\t\t<div class=\"box-icon-wrap\">\n\t\t\t\t\t\t\t<div class=\"info-box-icon\"><img decoding=\"async\" src=\"https:\/\/euemeucorpo.com\/wp-content\/uploads\/2025\/01\/Headset.svg\" alt=\"Talk to Us\"\/><\/div>\n\t\t\t\t\t<\/div>\n\t\t<div class=\"info-box-content\">\n\t\t\t\t\t\t\t\t\t\t<div class=\"info-box-title mb\" >\t\t\t\t\n\t\t\t\t\t<h4>Talk to Us<\/h4>\t\t\t\t\t\n\t\t\t\t<\/div>\n\t\t\t\t\t\t\t\t\t\t<div class=\"info-box-description mb\">\n\t\t\t\t\t<p>If you have any questions, please contact us through our support channels.<\/p>\n\t\t\t\t<\/div>\n\t\t\t\t\t<\/div>\n\t<\/div>\n<\/div>\t\t\t\t<\/div>\n\t\t\t\t<\/div>\n\t\t\t\t<div class=\"elementor-element elementor-element-09854de elementor-widget elementor-widget-pls-infobox\" data-id=\"09854de\" data-element_type=\"widget\" data-e-type=\"widget\" data-widget_type=\"pls-infobox.default\">\n\t\t\t\t<div class=\"elementor-widget-container\">\n\t\t\t\t\t<div id=\"pls-info-box-96685\" class=\"pls-element pls-info-box icon-effect-none icon-custom icon-top color-scheme-inherit hover-color-scheme-inherit text-left\">\n\t<div class=\"info-box-wrap\"  >\n\t\t<div class=\"box-icon-wrap\">\n\t\t\t\t\t\t\t<div class=\"info-box-icon\"><img decoding=\"async\" src=\"https:\/\/euemeucorpo.com\/wp-content\/uploads\/2025\/01\/SealCheck.svg\" alt=\"Special for the entire Family\"\/><\/div>\n\t\t\t\t\t<\/div>\n\t\t<div class=\"info-box-content\">\n\t\t\t\t\t\t\t\t\t\t<div class=\"info-box-title mb\" >\t\t\t\t\n\t\t\t\t\t<h4>Special for the entire Family<\/h4>\t\t\t\t\t\n\t\t\t\t<\/div>\n\t\t\t\t\t\t\t\t\t\t<div class=\"info-box-description mb\">\n\t\t\t\t\t<p>A book that will change and delight children.<\/p>\n\t\t\t\t<\/div>\n\t\t\t\t\t<\/div>\n\t<\/div>\n<\/div>\t\t\t\t<\/div>\n\t\t\t\t<\/div>\n\t\t\t\t\t<\/div>\n\t\t\t\t<\/div>\n\t\t\t\t<\/div>\n\t\t","protected":false},"excerpt":{"rendered":"<p>FL\u00c1VIA PRIMO My Body and I More than a book, a safety tool for your family. BUY YOUR BOOK It is really nice to have you here. Welcome! This space<\/p>\n","protected":false},"author":272147306,"featured_media":0,"parent":0,"menu_order":0,"comment_status":"closed","ping_status":"closed","template":"","meta":{"_crdt_document":"","advanced_seo_description":"","jetpack_seo_html_title":"","jetpack_seo_noindex":false,"footnotes":""},"class_list":["post-2743","page","type-page","status-publish","hentry"],"jetpack_likes_enabled":true,"jetpack_sharing_enabled":true,"jetpack_shortlink":"https:\/\/wp.me\/PgQvFq-If","jetpack-related-posts":[{"id":2822,"url":"https:\/\/euemeucorpo.com\/en\/faq\/","url_meta":{"origin":2743,"position":0},"title":"FAQ","author":"euemeucorpooficial","date":"January 6, 2025","format":false,"excerpt":"1. What is the book \u201cMy Body and I\u201d? The book My Body and I is designed to help and instruct parents and children to talk about the body, teaching protection and boundaries in a simple, clear, and loving way. 2. Is the book available in digital format (e-book)? Currently,\u2026","rel":"","context":"Similar post","block_context":{"text":"Similar post","link":""},"img":{"alt_text":"","src":"","width":0,"height":0},"classes":[]},{"id":2768,"url":"https:\/\/euemeucorpo.com\/en\/about-me\/","url_meta":{"origin":2743,"position":1},"title":"About me","author":"euemeucorpooficial","date":"January 6, 2025","format":false,"excerpt":"Fl\u00e1via Primo About Me About the Book Hello, nice to meet you, my name is Fl\u00e1via. I am a wife, mother, teacher, and passionate about children and families.For 10 years I have served in the children's ministry at my local church, where I lead an incredible team and have walked\u2026","rel":"","context":"Similar post","block_context":{"text":"Similar post","link":""},"img":{"alt_text":"","src":"https:\/\/i0.wp.com\/euemeucorpo.com\/wp-content\/uploads\/2025\/11\/flavia-primo_about-us_01.jpg?resize=350%2C200&ssl=1","width":350,"height":200,"srcset":"https:\/\/i0.wp.com\/euemeucorpo.com\/wp-content\/uploads\/2025\/11\/flavia-primo_about-us_01.jpg?resize=350%2C200&ssl=1 1x, https:\/\/i0.wp.com\/euemeucorpo.com\/wp-content\/uploads\/2025\/11\/flavia-primo_about-us_01.jpg?resize=525%2C300&ssl=1 1.5x, https:\/\/i0.wp.com\/euemeucorpo.com\/wp-content\/uploads\/2025\/11\/flavia-primo_about-us_01.jpg?resize=700%2C400&ssl=1 2x, https:\/\/i0.wp.com\/euemeucorpo.com\/wp-content\/uploads\/2025\/11\/flavia-primo_about-us_01.jpg?resize=1050%2C600&ssl=1 3x"},"classes":[]},{"id":2825,"url":"https:\/\/euemeucorpo.com\/en\/terms-and-conditions\/","url_meta":{"origin":2743,"position":2},"title":"Terms and Conditions","author":"euemeucorpooficial","date":"January 6, 2025","format":false,"excerpt":"1. General Information 2. Ordering and Payments 3. Shipping 4. Returns and Refunds 5. User Accounts 6. Changes to these Terms Terms and Conditions 1. General Information Last updated: [November 11th, 2025]Welcome to Eu e meu corpo (My Body and I). By accessing or using euemeucorpo.com , you agree to\u2026","rel":"","context":"Similar post","block_context":{"text":"Similar post","link":""},"img":{"alt_text":"","src":"","width":0,"height":0},"classes":[]},{"id":2306,"url":"https:\/\/euemeucorpo.com\/flavia-primo\/","url_meta":{"origin":2743,"position":3},"title":"Sobre mim","author":"euemeucorpooficial","date":"January 6, 2025","format":false,"excerpt":"Fl\u00e1via Primo Sobre mim Sobre o Livro Ol\u00e1, muito prazer, meu nome \u00e9 Fl\u00e1via. Sou esposa, m\u00e3e, professora e apaixonada por crian\u00e7as e fam\u00edlias.H\u00e1 10 anos sirvo no minist\u00e9rio infantil da minha igreja local, onde lidero uma equipe incr\u00edvel e tenho caminhado lado a lado com os Pais.Tamb\u00e9m ensino no\u2026","rel":"","context":"Similar post","block_context":{"text":"Similar post","link":""},"img":{"alt_text":"","src":"https:\/\/i0.wp.com\/euemeucorpo.com\/wp-content\/uploads\/2025\/11\/flavia-primo_about-us_01.jpg?resize=350%2C200&ssl=1","width":350,"height":200,"srcset":"https:\/\/i0.wp.com\/euemeucorpo.com\/wp-content\/uploads\/2025\/11\/flavia-primo_about-us_01.jpg?resize=350%2C200&ssl=1 1x, https:\/\/i0.wp.com\/euemeucorpo.com\/wp-content\/uploads\/2025\/11\/flavia-primo_about-us_01.jpg?resize=525%2C300&ssl=1 1.5x, https:\/\/i0.wp.com\/euemeucorpo.com\/wp-content\/uploads\/2025\/11\/flavia-primo_about-us_01.jpg?resize=700%2C400&ssl=1 2x, https:\/\/i0.wp.com\/euemeucorpo.com\/wp-content\/uploads\/2025\/11\/flavia-primo_about-us_01.jpg?resize=1050%2C600&ssl=1 3x"},"classes":[]},{"id":86,"url":"https:\/\/euemeucorpo.com\/perguntas-frequentes\/","url_meta":{"origin":2743,"position":4},"title":"Perguntas Frequentes","author":"euemeucorpooficial","date":"January 6, 2025","format":false,"excerpt":"1. O que \u00e9 o livro \u201cEu e Meu Corpo\u201d? O livro Eu e Meu Corpo e um livro voltado para ajudar e instruir pais e crian\u00e7as a falarem sobre o corpo, ensinar prote\u00e7\u00e3o e limites de um jeito simples, claro e cheio de amor. 2. O livro est\u00e1 dispon\u00edvel\u2026","rel":"","context":"Similar post","block_context":{"text":"Similar post","link":""},"img":{"alt_text":"","src":"","width":0,"height":0},"classes":[]},{"id":2738,"url":"https:\/\/euemeucorpo.com\/en\/contact\/","url_meta":{"origin":2743,"position":5},"title":"Contact","author":"euemeucorpooficial","date":"January 6, 2025","format":false,"excerpt":"Talk to Us Use the form below to contact us. We will return soon. Name Email Subject Message \u0394 Contact Us Email:euemeucorpo.oficial@gmail.com","rel":"","context":"Similar post","block_context":{"text":"Similar post","link":""},"img":{"alt_text":"","src":"https:\/\/i0.wp.com\/euemeucorpo.com\/wp-content\/uploads\/2025\/11\/flavia-primo_about-us_04-427x640.jpg?resize=350%2C200&ssl=1","width":350,"height":200},"classes":[]}],"_links":{"self":[{"href":"https:\/\/euemeucorpo.com\/en\/wp-json\/wp\/v2\/pages\/2743","targetHints":{"allow":["GET"]}}],"collection":[{"href":"https:\/\/euemeucorpo.com\/en\/wp-json\/wp\/v2\/pages"}],"about":[{"href":"https:\/\/euemeucorpo.com\/en\/wp-json\/wp\/v2\/types\/page"}],"author":[{"embeddable":true,"href":"https:\/\/euemeucorpo.com\/en\/wp-json\/wp\/v2\/users\/272147306"}],"replies":[{"embeddable":true,"href":"https:\/\/euemeucorpo.com\/en\/wp-json\/wp\/v2\/comments?post=2743"}],"version-history":[{"count":43,"href":"https:\/\/euemeucorpo.com\/en\/wp-json\/wp\/v2\/pages\/2743\/revisions"}],"predecessor-version":[{"id":2952,"href":"https:\/\/euemeucorpo.com\/en\/wp-json\/wp\/v2\/pages\/2743\/revisions\/2952"}],"wp:attachment":[{"href":"https:\/\/euemeucorpo.com\/en\/wp-json\/wp\/v2\/media?parent=2743"}],"curies":[{"name":"wp","href":"https:\/\/api.w.org\/{rel}","templated":true}]}}