{"id":2987,"date":"2025-12-15T09:06:32","date_gmt":"2025-12-15T14:06:32","guid":{"rendered":"https:\/\/euemeucorpo.com\/?post_type=product&#038;p=2987"},"modified":"2025-12-16T10:18:34","modified_gmt":"2025-12-16T15:18:34","slug":"my-body-and-i-eu-e-meu-corpo","status":"publish","type":"product","link":"https:\/\/euemeucorpo.com\/en\/produto\/my-body-and-i-eu-e-meu-corpo\/","title":{"rendered":"My Body and I (Eu e Meu Corpo)"},"content":{"rendered":"<p data-start=\"121\" data-end=\"387\"><strong data-start=\"57\" data-end=\"74\">MY BODY AND I (<\/strong><strong data-start=\"77\" data-end=\"95\">EU E MEU CORPO)<\/strong><br data-start=\"95\" data-end=\"98\" \/><strong data-start=\"98\" data-end=\"119\">BILINGUAL EDITION<\/strong><\/p>\n<p data-start=\"121\" data-end=\"387\">Guided by their mother\u2019s love and wisdom, Sophia and Otavio learn to value and take care of the incredible gift that God created, the human body. A story full of discoveries, fun, and lessons that will delight and teach children to protect and love their own bodies!<\/p>\n<p data-start=\"389\" data-end=\"675\">Guiados pelo amor e sabedoria de sua m\u00e3e, Sofia e Ot\u00e1vio aprendem a valorizar e cuidar desse presente incr\u00edvel criado por Deus que \u00e9 o corpo humano. Uma hist\u00f3ria cheia de descobertas, divers\u00e3o e ensinamentos, que vai encantar e ensinar as crian\u00e7as a protegerem e amarem o pr\u00f3prio corpo!<\/p>\n<p data-start=\"677\" data-end=\"778\">ISBN: 978-65-993264-2-4<\/p>\n","protected":false},"excerpt":{"rendered":"<p>MY BODY AND I (EU E MEU CORPO)BILINGUAL EDITION Guided by their mother\u2019s love and wisdom, Sophia and Otavio learn to value and take care of the incredible gift that<\/p>\n","protected":false},"featured_media":2719,"comment_status":"open","ping_status":"closed","template":"","meta":{"_crdt_document":"","advanced_seo_description":"","jetpack_seo_html_title":"","jetpack_seo_noindex":false,"jetpack_publicize_message":"","jetpack_publicize_feature_enabled":true,"jetpack_social_post_already_shared":true,"jetpack_social_options":{"image_generator_settings":{"template":"highway","default_image_id":0,"font":"","enabled":false},"version":2}},"product_brand":[],"product_cat":[],"product_tag":[],"class_list":{"0":"post-2987","1":"product","2":"type-product","3":"status-publish","4":"has-post-thumbnail","7":"first","8":"instock","9":"sale","10":"taxable","11":"shipping-taxable","12":"purchasable","13":"product-type-simple"},"jetpack_publicize_connections":[],"jetpack_likes_enabled":false,"jetpack_sharing_enabled":true,"jetpack-related-posts":[{"id":2983,"url":"https:\/\/euemeucorpo.com\/produto\/my-body-and-i-eu-e-meu-corpo\/","url_meta":{"origin":2987,"position":0},"title":"My Body and I (Eu e Meu Corpo)","author":"euemeucorpooficial","date":"December 15, 2025","format":false,"excerpt":"MY BODY AND I (EU E MEU CORPO)BILINGUAL EDITION Guided by their mother\u2019s love and wisdom, Sophia and Otavio learn to value and take care of the incredible gift that God created, the human body. A story full of discoveries, fun, and lessons that will delight and teach children to\u2026","rel":"","context":"Similar post","block_context":{"text":"Similar post","link":""},"img":{"alt_text":"","src":"https:\/\/i0.wp.com\/euemeucorpo.com\/wp-content\/uploads\/2025\/10\/book-eu-e-meu-corpo-cover.jpg?fit=1200%2C1200&ssl=1&resize=350%2C200","width":350,"height":200,"srcset":"https:\/\/i0.wp.com\/euemeucorpo.com\/wp-content\/uploads\/2025\/10\/book-eu-e-meu-corpo-cover.jpg?fit=1200%2C1200&ssl=1&resize=350%2C200 1x, https:\/\/i0.wp.com\/euemeucorpo.com\/wp-content\/uploads\/2025\/10\/book-eu-e-meu-corpo-cover.jpg?fit=1200%2C1200&ssl=1&resize=525%2C300 1.5x, https:\/\/i0.wp.com\/euemeucorpo.com\/wp-content\/uploads\/2025\/10\/book-eu-e-meu-corpo-cover.jpg?fit=1200%2C1200&ssl=1&resize=700%2C400 2x, https:\/\/i0.wp.com\/euemeucorpo.com\/wp-content\/uploads\/2025\/10\/book-eu-e-meu-corpo-cover.jpg?fit=1200%2C1200&ssl=1&resize=1050%2C600 3x"},"classes":[]},{"id":3033,"url":"https:\/\/euemeucorpo.com\/produto\/eu-e-meu-corpo-my-body-and-i\/","url_meta":{"origin":2987,"position":1},"title":"Eu e Meu Corpo &#8211; My Body and I","author":"euemeucorpooficial","date":"December 15, 2025","format":false,"excerpt":"MY BODY AND I (EU E MEU CORPO)BILINGUAL EDITION Guiados pelo amor e sabedoria de sua m\u00e3e, Sofia e Ot\u00e1vio aprendem a valorizar e cuidar desse presente incr\u00edvel criado por Deus que \u00e9 o corpo humano. Uma hist\u00f3ria cheia de descobertas, divers\u00e3o e ensinamentos, que vai encantar e ensinar as\u2026","rel":"","context":"Similar post","block_context":{"text":"Similar post","link":""},"img":{"alt_text":"","src":"https:\/\/i0.wp.com\/euemeucorpo.com\/wp-content\/uploads\/2025\/10\/book-eu-e-meu-corpo-cover.jpg?fit=1200%2C1200&ssl=1&resize=350%2C200","width":350,"height":200,"srcset":"https:\/\/i0.wp.com\/euemeucorpo.com\/wp-content\/uploads\/2025\/10\/book-eu-e-meu-corpo-cover.jpg?fit=1200%2C1200&ssl=1&resize=350%2C200 1x, https:\/\/i0.wp.com\/euemeucorpo.com\/wp-content\/uploads\/2025\/10\/book-eu-e-meu-corpo-cover.jpg?fit=1200%2C1200&ssl=1&resize=525%2C300 1.5x, https:\/\/i0.wp.com\/euemeucorpo.com\/wp-content\/uploads\/2025\/10\/book-eu-e-meu-corpo-cover.jpg?fit=1200%2C1200&ssl=1&resize=700%2C400 2x, https:\/\/i0.wp.com\/euemeucorpo.com\/wp-content\/uploads\/2025\/10\/book-eu-e-meu-corpo-cover.jpg?fit=1200%2C1200&ssl=1&resize=1050%2C600 3x"},"classes":[]}],"_links":{"self":[{"href":"https:\/\/euemeucorpo.com\/en\/wp-json\/wp\/v2\/product\/2987","targetHints":{"allow":["GET"]}}],"collection":[{"href":"https:\/\/euemeucorpo.com\/en\/wp-json\/wp\/v2\/product"}],"about":[{"href":"https:\/\/euemeucorpo.com\/en\/wp-json\/wp\/v2\/types\/product"}],"replies":[{"embeddable":true,"href":"https:\/\/euemeucorpo.com\/en\/wp-json\/wp\/v2\/comments?post=2987"}],"version-history":[{"count":6,"href":"https:\/\/euemeucorpo.com\/en\/wp-json\/wp\/v2\/product\/2987\/revisions"}],"predecessor-version":[{"id":3038,"href":"https:\/\/euemeucorpo.com\/en\/wp-json\/wp\/v2\/product\/2987\/revisions\/3038"}],"wp:featuredmedia":[{"embeddable":true,"href":"https:\/\/euemeucorpo.com\/en\/wp-json\/wp\/v2\/media\/2719"}],"wp:attachment":[{"href":"https:\/\/euemeucorpo.com\/en\/wp-json\/wp\/v2\/media?parent=2987"}],"wp:term":[{"taxonomy":"product_brand","embeddable":true,"href":"https:\/\/euemeucorpo.com\/en\/wp-json\/wp\/v2\/product_brand?post=2987"},{"taxonomy":"product_cat","embeddable":true,"href":"https:\/\/euemeucorpo.com\/en\/wp-json\/wp\/v2\/product_cat?post=2987"},{"taxonomy":"product_tag","embeddable":true,"href":"https:\/\/euemeucorpo.com\/en\/wp-json\/wp\/v2\/product_tag?post=2987"}],"curies":[{"name":"wp","href":"https:\/\/api.w.org\/{rel}","templated":true}]}}